{"id":70,"date":"2020-07-22T12:52:25","date_gmt":"2020-07-22T10:52:25","guid":{"rendered":"https:\/\/www.agrifranch.com\/?page_id=70"},"modified":"2023-10-31T22:37:01","modified_gmt":"2023-10-31T21:37:01","slug":"niveladoras-de-terrenos","status":"publish","type":"page","link":"https:\/\/www.agrifranch.com\/en\/maquinaria\/niveladoras-de-terrenos\/","title":{"rendered":"Soil Levellers"},"content":{"rendered":"<div data-elementor-type=\"wp-page\" data-elementor-id=\"70\" class=\"elementor elementor-70\">\n\t\t\t\t\t\t<section class=\"elementor-section elementor-top-section elementor-element elementor-element-7a37777 elementor-section-boxed elementor-section-height-default elementor-section-height-default\" data-id=\"7a37777\" data-element_type=\"section\">\n\t\t\t\t\t\t<div class=\"elementor-container elementor-column-gap-default\">\n\t\t\t\t\t<div class=\"elementor-column elementor-col-100 elementor-top-column elementor-element elementor-element-a374021\" data-id=\"a374021\" data-element_type=\"column\">\n\t\t\t<div class=\"elementor-widget-wrap elementor-element-populated\">\n\t\t\t\t\t\t<div class=\"elementor-element elementor-element-afa80ae animated-slow elementor-invisible elementor-widget elementor-widget-heading\" data-id=\"afa80ae\" data-element_type=\"widget\" data-settings=\"{&quot;_animation&quot;:&quot;zoomIn&quot;}\" data-widget_type=\"heading.default\">\n\t\t\t\t<div class=\"elementor-widget-container\">\n\t\t\t\t\t<h2 class=\"elementor-heading-title elementor-size-default\">Soil Levellers<\/h2>\t\t\t\t<\/div>\n\t\t\t\t<\/div>\n\t\t\t\t\t<\/div>\n\t\t<\/div>\n\t\t\t\t\t<\/div>\n\t\t<\/section>\n\t\t\t\t<section class=\"elementor-section elementor-top-section elementor-element elementor-element-17f7afb elementor-section-boxed elementor-section-height-default elementor-section-height-default\" data-id=\"17f7afb\" data-element_type=\"section\">\n\t\t\t\t\t\t<div class=\"elementor-container elementor-column-gap-default\">\n\t\t\t\t\t<div class=\"elementor-column elementor-col-100 elementor-top-column elementor-element elementor-element-cbfc65b\" data-id=\"cbfc65b\" data-element_type=\"column\">\n\t\t\t<div class=\"elementor-widget-wrap elementor-element-populated\">\n\t\t\t\t\t\t<div class=\"elementor-element elementor-element-1ab5538 animated-slow elementor-invisible elementor-widget elementor-widget-heading\" data-id=\"1ab5538\" data-element_type=\"widget\" data-settings=\"{&quot;_animation&quot;:&quot;zoomIn&quot;}\" data-widget_type=\"heading.default\">\n\t\t\t\t<div class=\"elementor-widget-container\">\n\t\t\t\t\t<h2 class=\"elementor-heading-title elementor-size-default\">Agricultural Use, Construction and Public Works<\/h2>\t\t\t\t<\/div>\n\t\t\t\t<\/div>\n\t\t\t\t\t<\/div>\n\t\t<\/div>\n\t\t\t\t\t<\/div>\n\t\t<\/section>\n\t\t\t\t<section class=\"elementor-section elementor-top-section elementor-element elementor-element-1b5fbc7 elementor-section-boxed elementor-section-height-default elementor-section-height-default\" data-id=\"1b5fbc7\" data-element_type=\"section\">\n\t\t\t\t\t\t<div class=\"elementor-container elementor-column-gap-default\">\n\t\t\t\t\t<div class=\"elementor-column elementor-col-100 elementor-top-column elementor-element elementor-element-13da2b5\" data-id=\"13da2b5\" data-element_type=\"column\">\n\t\t\t<div class=\"elementor-widget-wrap elementor-element-populated\">\n\t\t\t\t\t\t<div class=\"elementor-element elementor-element-3a6ce06 elementor-widget elementor-widget-text-editor\" data-id=\"3a6ce06\" data-element_type=\"widget\" data-widget_type=\"text-editor.default\">\n\t\t\t\t<div class=\"elementor-widget-container\">\n\t\t\t\t\t\t\t\t\t<h3><span style=\"color: #2e4193;\">One of the most relevant and necessary equipment, to obtain the performance and functionality of many farms and spaces, are the land levellers. Necessary for spreading soil or arid, they are essential to achieve flat and uniform grounds; something that we achieve easily and economically in terms of energy and time, with the use of laser levellers.\u00a0<\/span><\/h3><h3><span style=\"color: #2e4193;\">In summary, both normal manual levellers and laser levellers are fundamental tools for spreading soil, both for agricultural uses and in the field of construction and public works.\u00a0<\/span><\/h3><h3><span style=\"color: #2e4193;\">Ver caracter\u00edsticas en: <span style=\"text-decoration: underline;\"><a href=\"https:\/\/www.agrifranch.com\/en\/niveladoras-de-doble-hoja\/\">NIVELADORAS DE DOBLE HOJA<\/a><\/span> Y <span style=\"text-decoration: underline;\"><a href=\"https:\/\/www.agrifranch.com\/en\/niveladoras-laser-suspendidas\/\">NIVELADORAS L\u00c1SER<\/a><\/span>.<\/span><\/h3>\t\t\t\t\t\t\t\t<\/div>\n\t\t\t\t<\/div>\n\t\t\t\t\t<\/div>\n\t\t<\/div>\n\t\t\t\t\t<\/div>\n\t\t<\/section>\n\t\t\t\t<section class=\"elementor-section elementor-top-section elementor-element elementor-element-94781e0 elementor-section-boxed elementor-section-height-default elementor-section-height-default elementor-invisible\" data-id=\"94781e0\" data-element_type=\"section\" data-settings=\"{&quot;animation&quot;:&quot;slideInRight&quot;}\">\n\t\t\t\t\t\t<div class=\"elementor-container elementor-column-gap-default\">\n\t\t\t\t\t<div class=\"elementor-column elementor-col-100 elementor-top-column elementor-element elementor-element-4d6f313\" data-id=\"4d6f313\" data-element_type=\"column\">\n\t\t\t<div class=\"elementor-widget-wrap elementor-element-populated\">\n\t\t\t\t\t\t<div class=\"elementor-element elementor-element-d157a81 elementor-widget elementor-widget-image-gallery\" data-id=\"d157a81\" data-element_type=\"widget\" data-widget_type=\"image-gallery.default\">\n\t\t\t\t<div class=\"elementor-widget-container\">\n\t\t\t\t\t\t\t<div class=\"elementor-image-gallery\">\n\t\t\t<div id='gallery-1' class='gallery galleryid-70 gallery-columns-3 gallery-size-medium'><figure class='gallery-item'>\n\t\t\t<div class='gallery-icon landscape'>\n\t\t\t\t<a data-elementor-open-lightbox=\"yes\" data-elementor-lightbox-slideshow=\"d157a81\" data-elementor-lightbox-title=\"1\" data-e-action-hash=\"#elementor-action%3Aaction%3Dlightbox%26settings%3DeyJpZCI6MjM3LCJ1cmwiOiJodHRwczpcL1wvd3d3LmFncmlmcmFuY2guY29tXC93cC1jb250ZW50XC91cGxvYWRzXC8yMDIwXC8wOFwvMS5qcGciLCJzbGlkZXNob3ciOiJkMTU3YTgxIn0%3D\" href='https:\/\/www.agrifranch.com\/wp-content\/uploads\/2020\/08\/1.jpg'><img fetchpriority=\"high\" decoding=\"async\" width=\"300\" height=\"263\" src=\"https:\/\/www.agrifranch.com\/wp-content\/uploads\/2020\/08\/1-300x263.jpg\" class=\"attachment-medium size-medium\" alt=\"\" srcset=\"https:\/\/www.agrifranch.com\/wp-content\/uploads\/2020\/08\/1-300x263.jpg 300w, https:\/\/www.agrifranch.com\/wp-content\/uploads\/2020\/08\/1.jpg 338w\" sizes=\"(max-width: 300px) 100vw, 300px\" \/><\/a>\n\t\t\t<\/div><\/figure><figure class='gallery-item'>\n\t\t\t<div class='gallery-icon landscape'>\n\t\t\t\t<a data-elementor-open-lightbox=\"yes\" data-elementor-lightbox-slideshow=\"d157a81\" data-elementor-lightbox-title=\"2\" data-e-action-hash=\"#elementor-action%3Aaction%3Dlightbox%26settings%3DeyJpZCI6MjM4LCJ1cmwiOiJodHRwczpcL1wvd3d3LmFncmlmcmFuY2guY29tXC93cC1jb250ZW50XC91cGxvYWRzXC8yMDIwXC8wOFwvMi5qcGciLCJzbGlkZXNob3ciOiJkMTU3YTgxIn0%3D\" href='https:\/\/www.agrifranch.com\/wp-content\/uploads\/2020\/08\/2.jpg'><img decoding=\"async\" width=\"300\" height=\"168\" src=\"https:\/\/www.agrifranch.com\/wp-content\/uploads\/2020\/08\/2-300x168.jpg\" class=\"attachment-medium size-medium\" alt=\"\" srcset=\"https:\/\/www.agrifranch.com\/wp-content\/uploads\/2020\/08\/2-300x168.jpg 300w, https:\/\/www.agrifranch.com\/wp-content\/uploads\/2020\/08\/2.jpg 394w\" sizes=\"(max-width: 300px) 100vw, 300px\" \/><\/a>\n\t\t\t<\/div><\/figure><figure class='gallery-item'>\n\t\t\t<div class='gallery-icon landscape'>\n\t\t\t\t<a data-elementor-open-lightbox=\"yes\" data-elementor-lightbox-slideshow=\"d157a81\" data-elementor-lightbox-title=\"3\" data-e-action-hash=\"#elementor-action%3Aaction%3Dlightbox%26settings%3DeyJpZCI6MjM5LCJ1cmwiOiJodHRwczpcL1wvd3d3LmFncmlmcmFuY2guY29tXC93cC1jb250ZW50XC91cGxvYWRzXC8yMDIwXC8wOFwvMy5qcGciLCJzbGlkZXNob3ciOiJkMTU3YTgxIn0%3D\" href='https:\/\/www.agrifranch.com\/wp-content\/uploads\/2020\/08\/3.jpg'><img decoding=\"async\" width=\"300\" height=\"225\" src=\"https:\/\/www.agrifranch.com\/wp-content\/uploads\/2020\/08\/3-300x225.jpg\" class=\"attachment-medium size-medium\" alt=\"\" srcset=\"https:\/\/www.agrifranch.com\/wp-content\/uploads\/2020\/08\/3-300x225.jpg 300w, https:\/\/www.agrifranch.com\/wp-content\/uploads\/2020\/08\/3.jpg 586w\" sizes=\"(max-width: 300px) 100vw, 300px\" \/><\/a>\n\t\t\t<\/div><\/figure>\n\t\t<\/div>\n\t\t<\/div>\n\t\t\t\t\t\t<\/div>\n\t\t\t\t<\/div>\n\t\t\t\t\t<\/div>\n\t\t<\/div>\n\t\t\t\t\t<\/div>\n\t\t<\/section>\n\t\t\t\t<\/div>","protected":false},"excerpt":{"rendered":"<p>Niveladoras de Terrenos Uso Agr\u00edcola, Construcci\u00f3n y Obras P\u00fablicas Uno de los equipos m\u00e1s relevantes y necesarios, para obtener el rendimiento y funcionalidad de muchas explotaciones y espacios, son las niveladoras de terrenos. Necesarias para el esparcimiento de tierras o \u00e1ridos, son imprescindibles para conseguir terrenos planos y uniformes; algo que conseguimos con suma facilidad [&hellip;]<\/p>","protected":false},"author":1,"featured_media":0,"parent":56,"menu_order":0,"comment_status":"closed","ping_status":"closed","template":"","meta":{"ocean_post_layout":"","ocean_both_sidebars_style":"","ocean_both_sidebars_content_width":0,"ocean_both_sidebars_sidebars_width":0,"ocean_sidebar":"0","ocean_second_sidebar":"0","ocean_disable_margins":"enable","ocean_add_body_class":"","ocean_shortcode_before_top_bar":"","ocean_shortcode_after_top_bar":"","ocean_shortcode_before_header":"","ocean_shortcode_after_header":"","ocean_has_shortcode":"","ocean_shortcode_after_title":"","ocean_shortcode_before_footer_widgets":"","ocean_shortcode_after_footer_widgets":"","ocean_shortcode_before_footer_bottom":"","ocean_shortcode_after_footer_bottom":"","ocean_display_top_bar":"default","ocean_display_header":"default","ocean_header_style":"","ocean_center_header_left_menu":"0","ocean_custom_header_template":"0","ocean_custom_logo":0,"ocean_custom_retina_logo":0,"ocean_custom_logo_max_width":0,"ocean_custom_logo_tablet_max_width":0,"ocean_custom_logo_mobile_max_width":0,"ocean_custom_logo_max_height":0,"ocean_custom_logo_tablet_max_height":0,"ocean_custom_logo_mobile_max_height":0,"ocean_header_custom_menu":"0","ocean_menu_typo_font_family":"0","ocean_menu_typo_font_subset":"","ocean_menu_typo_font_size":0,"ocean_menu_typo_font_size_tablet":0,"ocean_menu_typo_font_size_mobile":0,"ocean_menu_typo_font_size_unit":"px","ocean_menu_typo_font_weight":"","ocean_menu_typo_font_weight_tablet":"","ocean_menu_typo_font_weight_mobile":"","ocean_menu_typo_transform":"","ocean_menu_typo_transform_tablet":"","ocean_menu_typo_transform_mobile":"","ocean_menu_typo_line_height":0,"ocean_menu_typo_line_height_tablet":0,"ocean_menu_typo_line_height_mobile":0,"ocean_menu_typo_line_height_unit":"","ocean_menu_typo_spacing":0,"ocean_menu_typo_spacing_tablet":0,"ocean_menu_typo_spacing_mobile":0,"ocean_menu_typo_spacing_unit":"","ocean_menu_link_color":"","ocean_menu_link_color_hover":"","ocean_menu_link_color_active":"","ocean_menu_link_background":"","ocean_menu_link_hover_background":"","ocean_menu_link_active_background":"","ocean_menu_social_links_bg":"","ocean_menu_social_hover_links_bg":"","ocean_menu_social_links_color":"","ocean_menu_social_hover_links_color":"","ocean_disable_title":"default","ocean_disable_heading":"default","ocean_post_title":"","ocean_post_subheading":"","ocean_post_title_style":"","ocean_post_title_background_color":"","ocean_post_title_background":0,"ocean_post_title_bg_image_position":"","ocean_post_title_bg_image_attachment":"","ocean_post_title_bg_image_repeat":"","ocean_post_title_bg_image_size":"","ocean_post_title_height":0,"ocean_post_title_bg_overlay":0.5,"ocean_post_title_bg_overlay_color":"","ocean_disable_breadcrumbs":"default","ocean_breadcrumbs_color":"","ocean_breadcrumbs_separator_color":"","ocean_breadcrumbs_links_color":"","ocean_breadcrumbs_links_hover_color":"","ocean_display_footer_widgets":"default","ocean_display_footer_bottom":"default","ocean_custom_footer_template":"0","footnotes":""},"class_list":["post-70","page","type-page","status-publish","hentry","entry"],"_links":{"self":[{"href":"https:\/\/www.agrifranch.com\/en\/wp-json\/wp\/v2\/pages\/70","targetHints":{"allow":["GET"]}}],"collection":[{"href":"https:\/\/www.agrifranch.com\/en\/wp-json\/wp\/v2\/pages"}],"about":[{"href":"https:\/\/www.agrifranch.com\/en\/wp-json\/wp\/v2\/types\/page"}],"author":[{"embeddable":true,"href":"https:\/\/www.agrifranch.com\/en\/wp-json\/wp\/v2\/users\/1"}],"replies":[{"embeddable":true,"href":"https:\/\/www.agrifranch.com\/en\/wp-json\/wp\/v2\/comments?post=70"}],"version-history":[{"count":0,"href":"https:\/\/www.agrifranch.com\/en\/wp-json\/wp\/v2\/pages\/70\/revisions"}],"up":[{"embeddable":true,"href":"https:\/\/www.agrifranch.com\/en\/wp-json\/wp\/v2\/pages\/56"}],"wp:attachment":[{"href":"https:\/\/www.agrifranch.com\/en\/wp-json\/wp\/v2\/media?parent=70"}],"curies":[{"name":"wp","href":"https:\/\/api.w.org\/{rel}","templated":true}]}}