{"id":72,"date":"2020-07-22T12:55:40","date_gmt":"2020-07-22T10:55:40","guid":{"rendered":"https:\/\/www.agrifranch.com\/?page_id=72"},"modified":"2023-11-22T21:08:57","modified_gmt":"2023-11-22T20:08:57","slug":"trituradoras-agricolas","status":"publish","type":"page","link":"https:\/\/www.agrifranch.com\/en\/maquinaria\/trituradoras-agricolas\/","title":{"rendered":"Agricultural Shredders"},"content":{"rendered":"<div data-elementor-type=\"wp-page\" data-elementor-id=\"72\" class=\"elementor elementor-72\">\n\t\t\t\t\t\t<section class=\"elementor-section elementor-top-section elementor-element elementor-element-2790b74 elementor-section-boxed elementor-section-height-default elementor-section-height-default\" data-id=\"2790b74\" data-element_type=\"section\">\n\t\t\t\t\t\t<div class=\"elementor-container elementor-column-gap-default\">\n\t\t\t\t\t<div class=\"elementor-column elementor-col-100 elementor-top-column elementor-element elementor-element-ef2b5bc\" data-id=\"ef2b5bc\" data-element_type=\"column\">\n\t\t\t<div class=\"elementor-widget-wrap elementor-element-populated\">\n\t\t\t\t\t\t<div class=\"elementor-element elementor-element-871f609 elementor-invisible elementor-widget elementor-widget-heading\" data-id=\"871f609\" data-element_type=\"widget\" data-settings=\"{&quot;_animation&quot;:&quot;zoomIn&quot;}\" data-widget_type=\"heading.default\">\n\t\t\t\t<div class=\"elementor-widget-container\">\n\t\t\t\t\t<h2 class=\"elementor-heading-title elementor-size-default\">Agricultural Shredders of Vegetable Waste<\/h2>\t\t\t\t<\/div>\n\t\t\t\t<\/div>\n\t\t\t\t\t<\/div>\n\t\t<\/div>\n\t\t\t\t\t<\/div>\n\t\t<\/section>\n\t\t\t\t<section class=\"elementor-section elementor-top-section elementor-element elementor-element-1051429 elementor-section-boxed elementor-section-height-default elementor-section-height-default\" data-id=\"1051429\" data-element_type=\"section\">\n\t\t\t\t\t\t<div class=\"elementor-container elementor-column-gap-default\">\n\t\t\t\t\t<div class=\"elementor-column elementor-col-100 elementor-top-column elementor-element elementor-element-f00d24f\" data-id=\"f00d24f\" data-element_type=\"column\">\n\t\t\t<div class=\"elementor-widget-wrap elementor-element-populated\">\n\t\t\t\t\t\t<div class=\"elementor-element elementor-element-35d585a elementor-invisible elementor-widget elementor-widget-image-gallery\" data-id=\"35d585a\" data-element_type=\"widget\" data-settings=\"{&quot;_animation&quot;:&quot;slideInRight&quot;}\" data-widget_type=\"image-gallery.default\">\n\t\t\t\t<div class=\"elementor-widget-container\">\n\t\t\t\t\t\t\t<div class=\"elementor-image-gallery\">\n\t\t\t<div id='gallery-1' class='gallery galleryid-72 gallery-columns-3 gallery-size-large'><figure class='gallery-item'>\n\t\t\t<div class='gallery-icon landscape'>\n\t\t\t\t<a data-elementor-open-lightbox=\"yes\" data-elementor-lightbox-slideshow=\"35d585a\" data-elementor-lightbox-title=\"9\" data-e-action-hash=\"#elementor-action%3Aaction%3Dlightbox%26settings%3DeyJpZCI6MjYwLCJ1cmwiOiJodHRwczpcL1wvd3d3LmFncmlmcmFuY2guY29tXC93cC1jb250ZW50XC91cGxvYWRzXC8yMDIwXC8wOFwvOS5qcGciLCJzbGlkZXNob3ciOiIzNWQ1ODVhIn0%3D\" href='https:\/\/www.agrifranch.com\/wp-content\/uploads\/2020\/08\/9.jpg'><img fetchpriority=\"high\" decoding=\"async\" width=\"521\" height=\"293\" src=\"https:\/\/www.agrifranch.com\/wp-content\/uploads\/2020\/08\/9.jpg\" class=\"attachment-large size-large\" alt=\"\" srcset=\"https:\/\/www.agrifranch.com\/wp-content\/uploads\/2020\/08\/9.jpg 521w, https:\/\/www.agrifranch.com\/wp-content\/uploads\/2020\/08\/9-300x169.jpg 300w\" sizes=\"(max-width: 521px) 100vw, 521px\" \/><\/a>\n\t\t\t<\/div><\/figure><figure class='gallery-item'>\n\t\t\t<div class='gallery-icon landscape'>\n\t\t\t\t<a data-elementor-open-lightbox=\"yes\" data-elementor-lightbox-slideshow=\"35d585a\" data-elementor-lightbox-title=\"8\" data-e-action-hash=\"#elementor-action%3Aaction%3Dlightbox%26settings%3DeyJpZCI6MjU5LCJ1cmwiOiJodHRwczpcL1wvd3d3LmFncmlmcmFuY2guY29tXC93cC1jb250ZW50XC91cGxvYWRzXC8yMDIwXC8wOFwvOC1lMTU5NzUyNTY3NjgxMy5qcGciLCJzbGlkZXNob3ciOiIzNWQ1ODVhIn0%3D\" href='https:\/\/www.agrifranch.com\/wp-content\/uploads\/2020\/08\/8-e1597525676813.jpg'><img decoding=\"async\" width=\"560\" height=\"235\" src=\"https:\/\/www.agrifranch.com\/wp-content\/uploads\/2020\/08\/8-e1597525676813.jpg\" class=\"attachment-large size-large\" alt=\"\" \/><\/a>\n\t\t\t<\/div><\/figure><figure class='gallery-item'>\n\t\t\t<div class='gallery-icon landscape'>\n\t\t\t\t<a data-elementor-open-lightbox=\"yes\" data-elementor-lightbox-slideshow=\"35d585a\" data-elementor-lightbox-title=\"010\" data-e-action-hash=\"#elementor-action%3Aaction%3Dlightbox%26settings%3DeyJpZCI6MjYxLCJ1cmwiOiJodHRwczpcL1wvd3d3LmFncmlmcmFuY2guY29tXC93cC1jb250ZW50XC91cGxvYWRzXC8yMDIwXC8wOFwvMDEwLmpwZyIsInNsaWRlc2hvdyI6IjM1ZDU4NWEifQ%3D%3D\" href='https:\/\/www.agrifranch.com\/wp-content\/uploads\/2020\/08\/010.jpg'><img decoding=\"async\" width=\"560\" height=\"334\" src=\"https:\/\/www.agrifranch.com\/wp-content\/uploads\/2020\/08\/010.jpg\" class=\"attachment-large size-large\" alt=\"\" srcset=\"https:\/\/www.agrifranch.com\/wp-content\/uploads\/2020\/08\/010.jpg 560w, https:\/\/www.agrifranch.com\/wp-content\/uploads\/2020\/08\/010-300x179.jpg 300w\" sizes=\"(max-width: 560px) 100vw, 560px\" \/><\/a>\n\t\t\t<\/div><\/figure>\n\t\t<\/div>\n\t\t<\/div>\n\t\t\t\t\t\t<\/div>\n\t\t\t\t<\/div>\n\t\t\t\t\t<\/div>\n\t\t<\/div>\n\t\t\t\t\t<\/div>\n\t\t<\/section>\n\t\t\t\t<section class=\"elementor-section elementor-top-section elementor-element elementor-element-633488a elementor-section-boxed elementor-section-height-default elementor-section-height-default\" data-id=\"633488a\" data-element_type=\"section\">\n\t\t\t\t\t\t<div class=\"elementor-container elementor-column-gap-default\">\n\t\t\t\t\t<div class=\"elementor-column elementor-col-100 elementor-top-column elementor-element elementor-element-a8db18f\" data-id=\"a8db18f\" data-element_type=\"column\">\n\t\t\t<div class=\"elementor-widget-wrap elementor-element-populated\">\n\t\t\t\t\t\t<div class=\"elementor-element elementor-element-c94aa60 elementor-widget elementor-widget-text-editor\" data-id=\"c94aa60\" data-element_type=\"widget\" data-widget_type=\"text-editor.default\">\n\t\t\t\t<div class=\"elementor-widget-container\">\n\t\t\t\t\t\t\t\t\t<h3><span style=\"color: #2e4193;\">These are some of the indispensable machines for agricultural exploitations. By reducing the size of the plant debris with the crushing, these can be easily curled in the earth with the subsequent tilling so that they decompose in the soil. It is a way of taking advantage of the nutrients in plant remains, thus facilitating their decomposition and incorporation into the soil.<\/span><\/h3>\t\t\t\t\t\t\t\t<\/div>\n\t\t\t\t<\/div>\n\t\t\t\t\t<\/div>\n\t\t<\/div>\n\t\t\t\t\t<\/div>\n\t\t<\/section>\n\t\t\t\t<section class=\"elementor-section elementor-top-section elementor-element elementor-element-c880dab elementor-section-boxed elementor-section-height-default elementor-section-height-default\" data-id=\"c880dab\" data-element_type=\"section\">\n\t\t\t\t\t\t<div class=\"elementor-container elementor-column-gap-default\">\n\t\t\t\t\t<div class=\"elementor-column elementor-col-100 elementor-top-column elementor-element elementor-element-ad38ef1\" data-id=\"ad38ef1\" data-element_type=\"column\">\n\t\t\t<div class=\"elementor-widget-wrap elementor-element-populated\">\n\t\t\t\t\t\t<div class=\"elementor-element elementor-element-014eb8c elementor-invisible elementor-widget elementor-widget-heading\" data-id=\"014eb8c\" data-element_type=\"widget\" data-settings=\"{&quot;_animation&quot;:&quot;zoomIn&quot;}\" data-widget_type=\"heading.default\">\n\t\t\t\t<div class=\"elementor-widget-container\">\n\t\t\t\t\t<h2 class=\"elementor-heading-title elementor-size-default\">Technical and Functional Features<\/h2>\t\t\t\t<\/div>\n\t\t\t\t<\/div>\n\t\t\t\t\t<\/div>\n\t\t<\/div>\n\t\t\t\t\t<\/div>\n\t\t<\/section>\n\t\t\t\t<section class=\"elementor-section elementor-top-section elementor-element elementor-element-1c6385f elementor-section-boxed elementor-section-height-default elementor-section-height-default\" data-id=\"1c6385f\" data-element_type=\"section\">\n\t\t\t\t\t\t<div class=\"elementor-container elementor-column-gap-default\">\n\t\t\t\t\t<div class=\"elementor-column elementor-col-100 elementor-top-column elementor-element elementor-element-04ff306\" data-id=\"04ff306\" data-element_type=\"column\">\n\t\t\t<div class=\"elementor-widget-wrap elementor-element-populated\">\n\t\t\t\t\t\t<div class=\"elementor-element elementor-element-d5da3f9 elementor-widget elementor-widget-text-editor\" data-id=\"d5da3f9\" data-element_type=\"widget\" data-widget_type=\"text-editor.default\">\n\t\t\t\t<div class=\"elementor-widget-container\">\n\t\t\t\t\t\t\t\t\t<ul><li><h3><span style=\"color: #2e4193;\">They shred remains of tree pruning such as orange trees or similar, corn shoots, sorghum, artichokes, cabbages, etc.<\/span><\/h3><\/li><li><h3><span style=\"color: #2e4193;\">They are manufactured fixed and with hydraulic displacement.<\/span><\/h3><\/li><li><h3><span style=\"color: #2e4193;\">Grinding with hammers or blades.<\/span><\/h3><\/li><li><h3><span style=\"color: #2e4193;\">Maximum diameter to be cut 8 centimetres.<\/span><\/h3><\/li><li><h3><span style=\"color: #2e4193;\">Reversible use to avoid punctures in the wheels.<\/span><\/h3><\/li><li><h3><span style=\"color: #2e4193;\">They have an inverter to avoid having to change the position of the tractor. <\/span><\/h3><\/li><\/ul>\t\t\t\t\t\t\t\t<\/div>\n\t\t\t\t<\/div>\n\t\t\t\t\t<\/div>\n\t\t<\/div>\n\t\t\t\t\t<\/div>\n\t\t<\/section>\n\t\t\t\t<section class=\"elementor-section elementor-top-section elementor-element elementor-element-9f5b59a elementor-section-boxed elementor-section-height-default elementor-section-height-default\" data-id=\"9f5b59a\" data-element_type=\"section\">\n\t\t\t\t\t\t<div class=\"elementor-container elementor-column-gap-default\">\n\t\t\t\t\t<div class=\"elementor-column elementor-col-100 elementor-top-column elementor-element elementor-element-cff8111\" data-id=\"cff8111\" data-element_type=\"column\">\n\t\t\t<div class=\"elementor-widget-wrap elementor-element-populated\">\n\t\t\t\t\t\t<div class=\"elementor-element elementor-element-854bada elementor-invisible elementor-widget elementor-widget-heading\" data-id=\"854bada\" data-element_type=\"widget\" data-settings=\"{&quot;_animation&quot;:&quot;zoomIn&quot;}\" data-widget_type=\"heading.default\">\n\t\t\t\t<div class=\"elementor-widget-container\">\n\t\t\t\t\t<h2 class=\"elementor-heading-title elementor-size-default\">Shredder Models and Features<\/h2>\t\t\t\t<\/div>\n\t\t\t\t<\/div>\n\t\t\t\t\t<\/div>\n\t\t<\/div>\n\t\t\t\t\t<\/div>\n\t\t<\/section>\n\t\t\t\t<section class=\"elementor-section elementor-top-section elementor-element elementor-element-844428b elementor-section-boxed elementor-section-height-default elementor-section-height-default\" data-id=\"844428b\" data-element_type=\"section\">\n\t\t\t\t\t\t<div class=\"elementor-container elementor-column-gap-default\">\n\t\t\t\t\t<div class=\"elementor-column elementor-col-100 elementor-top-column elementor-element elementor-element-6efc49a\" data-id=\"6efc49a\" data-element_type=\"column\">\n\t\t\t<div class=\"elementor-widget-wrap elementor-element-populated\">\n\t\t\t\t\t\t<div class=\"elementor-element elementor-element-e2f98c1 elementor-widget elementor-widget-image\" data-id=\"e2f98c1\" data-element_type=\"widget\" data-widget_type=\"image.default\">\n\t\t\t\t<div class=\"elementor-widget-container\">\n\t\t\t\t\t\t\t\t\t\t\t\t\t\t\t<img loading=\"lazy\" decoding=\"async\" width=\"1928\" height=\"1225\" src=\"https:\/\/www.agrifranch.com\/wp-content\/uploads\/2020\/09\/Cuadro-trituradoras-EN.png\" class=\"attachment-full size-full wp-image-344\" alt=\"\" srcset=\"https:\/\/www.agrifranch.com\/wp-content\/uploads\/2020\/09\/Cuadro-trituradoras-EN.png 1927w, https:\/\/www.agrifranch.com\/wp-content\/uploads\/2020\/09\/Cuadro-trituradoras-EN-300x200.png 300w, https:\/\/www.agrifranch.com\/wp-content\/uploads\/2020\/09\/Cuadro-trituradoras-EN-1024x682.png 1024w, https:\/\/www.agrifranch.com\/wp-content\/uploads\/2020\/09\/Cuadro-trituradoras-EN-768x511.png 768w, https:\/\/www.agrifranch.com\/wp-content\/uploads\/2020\/09\/Cuadro-trituradoras-EN-1536x1023.png 1536w\" sizes=\"(max-width: 1928px) 100vw, 1928px\" \/>\t\t\t\t\t\t\t\t\t\t\t\t\t\t\t<\/div>\n\t\t\t\t<\/div>\n\t\t\t\t\t<\/div>\n\t\t<\/div>\n\t\t\t\t\t<\/div>\n\t\t<\/section>\n\t\t\t\t<section class=\"elementor-section elementor-top-section elementor-element elementor-element-8c505b7 elementor-section-boxed elementor-section-height-default elementor-section-height-default\" data-id=\"8c505b7\" data-element_type=\"section\">\n\t\t\t\t\t\t<div class=\"elementor-container elementor-column-gap-default\">\n\t\t\t\t\t<div class=\"elementor-column elementor-col-100 elementor-top-column elementor-element elementor-element-425ebfb\" data-id=\"425ebfb\" data-element_type=\"column\">\n\t\t\t<div class=\"elementor-widget-wrap elementor-element-populated\">\n\t\t\t\t\t\t<div class=\"elementor-element elementor-element-4441d11 elementor-widget elementor-widget-video\" data-id=\"4441d11\" data-element_type=\"widget\" data-settings=\"{&quot;youtube_url&quot;:&quot;https:\\\/\\\/www.youtube.com\\\/watch?v=9ULaxNtuEHk&quot;,&quot;autoplay&quot;:&quot;yes&quot;,&quot;play_on_mobile&quot;:&quot;yes&quot;,&quot;loop&quot;:&quot;yes&quot;,&quot;mute&quot;:&quot;yes&quot;,&quot;video_type&quot;:&quot;youtube&quot;}\" data-widget_type=\"video.default\">\n\t\t\t\t<div class=\"elementor-widget-container\">\n\t\t\t\t\t\t\t<div class=\"elementor-wrapper elementor-open-inline\">\n\t\t\t<div class=\"elementor-video\"><\/div>\t\t<\/div>\n\t\t\t\t\t\t<\/div>\n\t\t\t\t<\/div>\n\t\t\t\t\t<\/div>\n\t\t<\/div>\n\t\t\t\t\t<\/div>\n\t\t<\/section>\n\t\t\t\t<\/div>","protected":false},"excerpt":{"rendered":"<p>Trituradoras Agr\u00edcolas de Residuos Vegetales\u200b Se trata de unas m\u00e1quinas indispensables para explotaciones agr\u00edcolas. Al reducir con el triturado el tama\u00f1o de los restos vegetales, estos se pueden enrunar f\u00e1cilmente en la tierra con el labrado posterior para que se descompongan en la tierra. Es un modo de aprovechar los nutrientes de los restos vegetales, [&hellip;]<\/p>","protected":false},"author":1,"featured_media":0,"parent":56,"menu_order":0,"comment_status":"closed","ping_status":"closed","template":"","meta":{"ocean_post_layout":"","ocean_both_sidebars_style":"","ocean_both_sidebars_content_width":0,"ocean_both_sidebars_sidebars_width":0,"ocean_sidebar":"0","ocean_second_sidebar":"0","ocean_disable_margins":"enable","ocean_add_body_class":"","ocean_shortcode_before_top_bar":"","ocean_shortcode_after_top_bar":"","ocean_shortcode_before_header":"","ocean_shortcode_after_header":"","ocean_has_shortcode":"","ocean_shortcode_after_title":"","ocean_shortcode_before_footer_widgets":"","ocean_shortcode_after_footer_widgets":"","ocean_shortcode_before_footer_bottom":"","ocean_shortcode_after_footer_bottom":"","ocean_display_top_bar":"default","ocean_display_header":"default","ocean_header_style":"","ocean_center_header_left_menu":"0","ocean_custom_header_template":"0","ocean_custom_logo":0,"ocean_custom_retina_logo":0,"ocean_custom_logo_max_width":0,"ocean_custom_logo_tablet_max_width":0,"ocean_custom_logo_mobile_max_width":0,"ocean_custom_logo_max_height":0,"ocean_custom_logo_tablet_max_height":0,"ocean_custom_logo_mobile_max_height":0,"ocean_header_custom_menu":"0","ocean_menu_typo_font_family":"0","ocean_menu_typo_font_subset":"","ocean_menu_typo_font_size":0,"ocean_menu_typo_font_size_tablet":0,"ocean_menu_typo_font_size_mobile":0,"ocean_menu_typo_font_size_unit":"px","ocean_menu_typo_font_weight":"","ocean_menu_typo_font_weight_tablet":"","ocean_menu_typo_font_weight_mobile":"","ocean_menu_typo_transform":"","ocean_menu_typo_transform_tablet":"","ocean_menu_typo_transform_mobile":"","ocean_menu_typo_line_height":0,"ocean_menu_typo_line_height_tablet":0,"ocean_menu_typo_line_height_mobile":0,"ocean_menu_typo_line_height_unit":"","ocean_menu_typo_spacing":0,"ocean_menu_typo_spacing_tablet":0,"ocean_menu_typo_spacing_mobile":0,"ocean_menu_typo_spacing_unit":"","ocean_menu_link_color":"","ocean_menu_link_color_hover":"","ocean_menu_link_color_active":"","ocean_menu_link_background":"","ocean_menu_link_hover_background":"","ocean_menu_link_active_background":"","ocean_menu_social_links_bg":"","ocean_menu_social_hover_links_bg":"","ocean_menu_social_links_color":"","ocean_menu_social_hover_links_color":"","ocean_disable_title":"default","ocean_disable_heading":"default","ocean_post_title":"","ocean_post_subheading":"","ocean_post_title_style":"","ocean_post_title_background_color":"","ocean_post_title_background":0,"ocean_post_title_bg_image_position":"","ocean_post_title_bg_image_attachment":"","ocean_post_title_bg_image_repeat":"","ocean_post_title_bg_image_size":"","ocean_post_title_height":0,"ocean_post_title_bg_overlay":0.5,"ocean_post_title_bg_overlay_color":"","ocean_disable_breadcrumbs":"default","ocean_breadcrumbs_color":"","ocean_breadcrumbs_separator_color":"","ocean_breadcrumbs_links_color":"","ocean_breadcrumbs_links_hover_color":"","ocean_display_footer_widgets":"default","ocean_display_footer_bottom":"default","ocean_custom_footer_template":"0","footnotes":""},"class_list":["post-72","page","type-page","status-publish","hentry","entry"],"_links":{"self":[{"href":"https:\/\/www.agrifranch.com\/en\/wp-json\/wp\/v2\/pages\/72","targetHints":{"allow":["GET"]}}],"collection":[{"href":"https:\/\/www.agrifranch.com\/en\/wp-json\/wp\/v2\/pages"}],"about":[{"href":"https:\/\/www.agrifranch.com\/en\/wp-json\/wp\/v2\/types\/page"}],"author":[{"embeddable":true,"href":"https:\/\/www.agrifranch.com\/en\/wp-json\/wp\/v2\/users\/1"}],"replies":[{"embeddable":true,"href":"https:\/\/www.agrifranch.com\/en\/wp-json\/wp\/v2\/comments?post=72"}],"version-history":[{"count":4,"href":"https:\/\/www.agrifranch.com\/en\/wp-json\/wp\/v2\/pages\/72\/revisions"}],"predecessor-version":[{"id":1052,"href":"https:\/\/www.agrifranch.com\/en\/wp-json\/wp\/v2\/pages\/72\/revisions\/1052"}],"up":[{"embeddable":true,"href":"https:\/\/www.agrifranch.com\/en\/wp-json\/wp\/v2\/pages\/56"}],"wp:attachment":[{"href":"https:\/\/www.agrifranch.com\/en\/wp-json\/wp\/v2\/media?parent=72"}],"curies":[{"name":"wp","href":"https:\/\/api.w.org\/{rel}","templated":true}]}}